{"id":361,"date":"2017-10-23T22:12:58","date_gmt":"2017-10-23T22:12:58","guid":{"rendered":"http:\/\/mec.put.poznan.pl\/vibsys2020\/?page_id=361"},"modified":"2020-07-24T09:44:14","modified_gmt":"2020-07-24T09:44:14","slug":"publication-and-presentation","status":"publish","type":"page","link":"https:\/\/mec.put.poznan.pl\/vibsys2020\/publication-and-presentation\/","title":{"rendered":"Instructions for authors"},"content":{"rendered":"<h3>Minisymposia<\/h3>\n<p><strong>MS01<\/strong> <a href=\"https:\/\/mec.put.poznan.pl\/vibsys2020\/download\/DESIGN AND MAINTENANCE OF VIBRATORY MACHINES.pdf\" target=\"_blank\" rel=\"noopener noreferrer\">DESIGN AND MAINTENANCE OF VIBRATORY MACHINES<\/a><br \/>\nGrzegorz CIEPLOK, Piotr CZUBAK, Marek KOZIE\u0143, \u0141ukasz BEDNARSKI, Rafa\u0142 SIE\u0143KO, Tomasz HOWIACKI, Tomasz ZEJER<\/p>\n<p><strong>MS02<\/strong> <a href=\"https:\/\/mec.put.poznan.pl\/vibsys2020\/download\/OPTICAL MEASUREMENT OF NON-CLASSICAL MATERIALS MECHANICAL PROPERTIES.pdf\" target=\"_blank\" rel=\"noopener noreferrer\">OPTICAL MEASUREMENT OF NON-CLASSICAL MATERIALS MECHANICAL PROPERTIES<\/a><br \/>\nMaciej OBST, Gra\u017cyna OLSZEWSKA, Jaros\u0142aw ADAMIEC, Dariusz KURPISZ <\/p>\n<h3>Publication<\/h3>\n<p><strong>Abstracts<\/strong><br \/>\nThe authors are asked to submit abstracts till 15 August, 2020. In the case of each work submitted to a minisymposium the name and the number of a minisymposium should be indicated. The abstract template prepared in MsWord is available <a href=\"https:\/\/mec.put.poznan.pl\/vibsys2020\/download\/abstract-template.docx\">here<\/a>. The submission of abstracts, as well as conference registration, should be performed via the conference web site available <a href=\"https:\/\/mec.put.poznan.pl\/vibsys2020\/vibsys-2020-registration\/\">here<\/a>.<\/p>\n<p><strong>Full-papers<\/strong> (not mandatory)<br \/>\nThere is an additional opportunity to publish the works in the volume of <a href=\"http:\/\/vibsys.put.poznan.pl\" target=\"_blank\" rel=\"noopener noreferrer\">Journal Vibrations in Physical Systems<\/a> (indexed in Scopus; 40 points on the list of scientific journals published by the Ministry of Science and Higher Education in Poland; free online access). The papers will undergo the reviewing procedure specified by the journal. The manuscript should be prepared according to the following template:<\/p>\n<p><a href=\"http:\/\/vibsys.put.poznan.pl\/files\/vibsys_template.doc\">MsWord template for full paper<\/a><\/p>\n<p><a href=\"http:\/\/vibsys.put.poznan.pl\/files\/vibsys_template.pdf\">PDF file with the full paper template<\/a><\/p>\n<p>The authors are asked to submit the papers to the Secretary of the conference (see <a href=\"https:\/\/mec.put.poznan.pl\/vibsys2020\/contact\/\">Contact<\/a>). Full-paper submission deadline is 30 August 2020.<\/p>\n<h3>Presentation<\/h3>\n<p>The organizers assume 15 minutes for a remote presentation with 10 minutes for a prerecorded presentation (PowerPoint\/pdf presentation) followed by 5 minutes for a discussion.English is the preferred language of presentation.<\/p>\n<p>Due to the online form of participation, the presentation should be prepared with an audio commentary in advance and sent to the Secretary of the conference (vibsys2020@put.poznan.pl).<\/p>\n<p>Each submitted prerecorded presentation will be shown according to the session schedule and followed by a 5-minute break for questions. Therefore, we ask the conference participants who plan to take part remotely in the sessions to ensure access to the internet as well as to test a camera and a microphone.<\/p>\n<p>Files of the presentation can be of any format and size and can be prepared using the tool you prefer. Please note that the prerecorded presentation should be no longer than 10 minutes. Short instruction on preparing a prerecorded presentation with audio commentary can be find <a href=\"https:\/\/youtu.be\/J2yUVOuKIh8\" rel=\"noopener noreferrer\" target=\"_blank\">here<\/a> and <a href=\"https:\/\/www.youtube.com\/watch?v=T6EH5YI-rKY\" rel=\"noopener noreferrer\" target=\"_blank\">here<\/a>.<\/p>\n<p>If you have any problems in preparing your presentation, please contact us and we will try to help.  <\/p>\n<p>Each participant is allowed to submit <strong>only one paper<\/strong>. If the second submission is planned, the work can be presented during a session with an additional registration fee.<\/p>\n","protected":false},"excerpt":{"rendered":"<p>Minisymposia MS01 DESIGN AND MAINTENANCE OF VIBRATORY MACHINES Grzegorz CIEPLOK, Piotr CZUBAK, Marek KOZIE\u0143, \u0141ukasz BEDNARSKI, Rafa\u0142 SIE\u0143KO, Tomasz HOWIACKI, Tomasz ZEJER MS02 OPTICAL MEASUREMENT OF NON-CLASSICAL MATERIALS MECHANICAL PROPERTIES Maciej OBST, Gra\u017cyna OLSZEWSKA, Jaros\u0142aw ADAMIEC, Dariusz KURPISZ Publication Abstracts The authors are asked to submit abstracts till 15 August, 2020. In the case of &hellip; <\/p>\n<p><a class=\"more-link btn\" href=\"https:\/\/mec.put.poznan.pl\/vibsys2020\/publication-and-presentation\/\">Continue reading<\/a><\/p>\n","protected":false},"author":1,"featured_media":0,"parent":0,"menu_order":0,"comment_status":"closed","ping_status":"closed","template":"","meta":{"footnotes":""},"class_list":["post-361","page","type-page","status-publish","hentry","nodate","item-wrap"],"_links":{"self":[{"href":"https:\/\/mec.put.poznan.pl\/vibsys2020\/wp-json\/wp\/v2\/pages\/361","targetHints":{"allow":["GET"]}}],"collection":[{"href":"https:\/\/mec.put.poznan.pl\/vibsys2020\/wp-json\/wp\/v2\/pages"}],"about":[{"href":"https:\/\/mec.put.poznan.pl\/vibsys2020\/wp-json\/wp\/v2\/types\/page"}],"author":[{"embeddable":true,"href":"https:\/\/mec.put.poznan.pl\/vibsys2020\/wp-json\/wp\/v2\/users\/1"}],"replies":[{"embeddable":true,"href":"https:\/\/mec.put.poznan.pl\/vibsys2020\/wp-json\/wp\/v2\/comments?post=361"}],"version-history":[{"count":17,"href":"https:\/\/mec.put.poznan.pl\/vibsys2020\/wp-json\/wp\/v2\/pages\/361\/revisions"}],"predecessor-version":[{"id":808,"href":"https:\/\/mec.put.poznan.pl\/vibsys2020\/wp-json\/wp\/v2\/pages\/361\/revisions\/808"}],"wp:attachment":[{"href":"https:\/\/mec.put.poznan.pl\/vibsys2020\/wp-json\/wp\/v2\/media?parent=361"}],"curies":[{"name":"wp","href":"https:\/\/api.w.org\/{rel}","templated":true}]}}