{"id":797,"date":"2020-07-17T18:11:29","date_gmt":"2020-07-17T18:11:29","guid":{"rendered":"https:\/\/mec.put.poznan.pl\/vibsys2020\/?page_id=797"},"modified":"2020-07-17T18:12:21","modified_gmt":"2020-07-17T18:12:21","slug":"conference-history","status":"publish","type":"page","link":"https:\/\/mec.put.poznan.pl\/vibsys2020\/conference-history\/","title":{"rendered":"Conference history"},"content":{"rendered":"<table width=\"100%\"  class=\"table table-hover\">\n<tbody>\n<tr>\n<td style>1<\/td>\n<td>1960<\/td>\n<td>25-26.04<\/td>\n<td>Pozna\u0144<\/td>\n<td>Sympozjum Po\u015bwi\u0119cone Zagadnieniom Drga\u0144 Liniowych i Nieliniowych<\/td>\n<\/tr>\n<tr>\n<td>2<\/td>\n<td>1963<\/td>\n<td>13-14.09<\/td>\n<td>Pozna\u0144<\/td>\n<td>Sympozjum Naukowe Po\u015bwi\u0119cone Teorii Drga\u0144 Nieliniowych<\/td>\n<\/tr>\n<tr>\n<td>3<\/td>\n<td>1965<\/td>\n<td>08-09.10<\/td>\n<td>Pozna\u0144<\/td>\n<td>III Og&oacute;lnopolska Konferencja Dotycz\u0105ca Drga\u0144 Liniowych, Nieliniowych<\/td>\n<\/tr>\n<tr>\n<td>4<\/td>\n<td>1968<\/td>\n<td>26-27.04<\/td>\n<td>Pozna\u0144<\/td>\n<td>IV Og&oacute;lnopolska Konferencja Dotycz\u0105ca Drga\u0144 Liniowych, Nieliniowych i Stochastycznych<\/td>\n<\/tr>\n<tr>\n<td>5<\/td>\n<td>1970<\/td>\n<td>22-24.10<\/td>\n<td>Pozna\u0144<\/td>\n<td>V Og&oacute;lnopolska Konferencja Mechaniki Nieliniowej<\/td>\n<\/tr>\n<tr>\n<td>6<\/td>\n<td>1974<\/td>\n<td>06-07.09<\/td>\n<td>&nbsp;<\/td>\n<td>VI Sympozjum Drgania W Uk\u0142adach Fizycznych<\/td>\n<\/tr>\n<tr>\n<td>7<\/td>\n<td>1976<\/td>\n<td>28-29.05<\/td>\n<td>B\u0142a\u017cejewko<\/td>\n<td>Drgania w Uk\u0142adach Fizycznych<\/td>\n<\/tr>\n<tr>\n<td>8<\/td>\n<td>1978<\/td>\n<td>18-20.05<\/td>\n<td>B\u0142a\u017cejewko<\/td>\n<td>VIII Sympozjum Drgania W Uk\u0142adach Fizycznych<\/td>\n<\/tr>\n<tr>\n<td>9<\/td>\n<td>1980<\/td>\n<td>22-24.05<\/td>\n<td>B\u0142a\u017cejewko<\/td>\n<td>IX Sympozjum Drgania W Uk\u0142adach Fizycznych<\/td>\n<\/tr>\n<tr>\n<td>10<\/td>\n<td>1982<\/td>\n<td>19-22.05<\/td>\n<td>&nbsp;<\/td>\n<td>X Sympozjon Drgania W Uk\u0142adach Fizycznych<\/td>\n<\/tr>\n<tr>\n<td>11<\/td>\n<td>1984<\/td>\n<td>24-26.05<\/td>\n<td>B\u0142a\u017cejewko<\/td>\n<td>XI Sympozjum Drgania W Uk\u0142adach Fizycznych<\/td>\n<\/tr>\n<tr>\n<td>12<\/td>\n<td>1986<\/td>\n<td>15-17.05<\/td>\n<td>B\u0142a\u017cejewko<\/td>\n<td>XII Sympozjum Drgania W Uk\u0142adach Fizycznych<\/td>\n<\/tr>\n<tr>\n<td>13<\/td>\n<td>1988<\/td>\n<td>25-28.05<\/td>\n<td>B\u0142a\u017cejewko<\/td>\n<td>XIII Sympozjum Drgania W Uk\u0142adach Fizycznych (Vibrations and Waves&#8217;88)<\/td>\n<\/tr>\n<tr>\n<td>14<\/td>\n<td>1990<\/td>\n<td>24-26.05<\/td>\n<td>B\u0142a\u017cejewko<\/td>\n<td>XIVSympozjum Drgania W Uk\u0142adach Fizycznych<\/td>\n<\/tr>\n<tr>\n<td>15<\/td>\n<td>1992<\/td>\n<td>20-23.05<\/td>\n<td>B\u0142a\u017cejewko<\/td>\n<td>XV Sympozjum Drgania W Uk\u0142adach Fizycznych<\/td>\n<\/tr>\n<tr>\n<td>16<\/td>\n<td>1994<\/td>\n<td>25-28.05<\/td>\n<td>B\u0142a\u017cejewko<\/td>\n<td>XVI Sympozjum Drgania W Uk\u0142adach Fizycznych<\/td>\n<\/tr>\n<tr>\n<td>17<\/td>\n<td>1996<\/td>\n<td>22-25.05<\/td>\n<td>B\u0142a\u017cejewko<\/td>\n<td>XVII Sympozjum Drgania W Uk\u0142adach Fizycznych<\/td>\n<\/tr>\n<tr>\n<td>18<\/td>\n<td>1998<\/td>\n<td>27-30.05<\/td>\n<td>&nbsp;<\/td>\n<td>XVIII Sympozjum Drgania W Uk\u0142adach Fizycznych<\/td>\n<\/tr>\n<tr>\n<td>19<\/td>\n<td>2000<\/td>\n<td>23-27.05<\/td>\n<td>B\u0142a\u017cejewko<\/td>\n<td>Vibrations and Waves 2000<\/td>\n<\/tr>\n<tr>\n<td>20<\/td>\n<td>2002<\/td>\n<td>21-25.05<\/td>\n<td>B\u0142a\u017cejewko<\/td>\n<td>XX Jubileuszowe Sympozjum Drgania w Uk\u0142adach<\/td>\n<\/tr>\n<tr>\n<td>21<\/td>\n<td>2004<\/td>\n<td>26-29.05<\/td>\n<td>Kiekrz<\/td>\n<td>XXI Sympozjum Drgania w Uk\u0142adach Fizycznych<\/td>\n<\/tr>\n<tr>\n<td>22<\/td>\n<td>2006<\/td>\n<td>18-22.04<\/td>\n<td>B\u0119dlewo<\/td>\n<td>XXII Sympozjum Drgania w Uk\u0142adach Fizycznych<\/td>\n<\/tr>\n<tr>\n<td>23<\/td>\n<td>2008<\/td>\n<td>28-31.05<\/td>\n<td>B\u0119dlewo<\/td>\n<td>XXIII Sympozjum Drgania w Uk\u0142adach Fizycznych<\/td>\n<\/tr>\n<tr>\n<td>24<\/td>\n<td>2010<\/td>\n<td>11-15.05<\/td>\n<td>B\u0119dlewo<\/td>\n<td>XXIV Sympozjum Drgania w Uk\u0142adach Fizycznych<\/td>\n<\/tr>\n<tr>\n<td>25<\/td>\n<td>2012<\/td>\n<td>15-19.05<\/td>\n<td>B\u0119dlewo<\/td>\n<td>XXV Sympozjum Drgania w Uk\u0142adach Fizycznych<\/td>\n<\/tr>\n<tr>\n<td>26<\/td>\n<td>2014<\/td>\n<td>04-08.05<\/td>\n<td>B\u0119dlewo<\/td>\n<td>XXVI Symposium on Vibrations in Physical Systems<\/td>\n<\/tr>\n<tr>\n<td>27<\/td>\n<td>2016<\/td>\n<td>09-13.05<\/td>\n<td>B\u0119dlewo<\/td>\n<td>XXVII Symposium on Vibrations in Physical Systems<\/td>\n<\/tr>\n<tr>\n<td>28<\/td>\n<td>2018<\/td>\n<td>14-18.05<\/td>\n<td>B\u0119dlewo<\/td>\n<td>XXVIII Symposium on Vibrations in Physical Systems<\/td>\n<\/tr>\n<tr>\n<td><strong>29<\/strong><\/td>\n<td><strong>2020<\/strong><\/td>\n<td><strong>14-16.10<\/strong><\/td>\n<td><strong>Pozna\u0144<\/strong><\/td>\n<td><strong>XXIX Symposium on Vibrations in Physical Systems<\/strong><\/td>\n<\/tr>\n<\/tbody>\n<\/table>\n","protected":false},"excerpt":{"rendered":"<p>1 1960 25-26.04 Pozna\u0144 Sympozjum Po\u015bwi\u0119cone Zagadnieniom Drga\u0144 Liniowych i Nieliniowych 2 1963 13-14.09 Pozna\u0144 Sympozjum Naukowe Po\u015bwi\u0119cone Teorii Drga\u0144 Nieliniowych 3 1965 08-09.10 Pozna\u0144 III Og&oacute;lnopolska Konferencja Dotycz\u0105ca Drga\u0144 Liniowych, Nieliniowych 4 1968 26-27.04 Pozna\u0144 IV Og&oacute;lnopolska Konferencja Dotycz\u0105ca Drga\u0144 Liniowych, Nieliniowych i Stochastycznych 5 1970 22-24.10 Pozna\u0144 V Og&oacute;lnopolska Konferencja Mechaniki Nieliniowej 6 &hellip; <\/p>\n<p><a class=\"more-link btn\" href=\"https:\/\/mec.put.poznan.pl\/vibsys2020\/conference-history\/\">Continue reading<\/a><\/p>\n","protected":false},"author":1,"featured_media":0,"parent":0,"menu_order":0,"comment_status":"closed","ping_status":"closed","template":"","meta":{"footnotes":""},"class_list":["post-797","page","type-page","status-publish","hentry","nodate","item-wrap"],"_links":{"self":[{"href":"https:\/\/mec.put.poznan.pl\/vibsys2020\/wp-json\/wp\/v2\/pages\/797","targetHints":{"allow":["GET"]}}],"collection":[{"href":"https:\/\/mec.put.poznan.pl\/vibsys2020\/wp-json\/wp\/v2\/pages"}],"about":[{"href":"https:\/\/mec.put.poznan.pl\/vibsys2020\/wp-json\/wp\/v2\/types\/page"}],"author":[{"embeddable":true,"href":"https:\/\/mec.put.poznan.pl\/vibsys2020\/wp-json\/wp\/v2\/users\/1"}],"replies":[{"embeddable":true,"href":"https:\/\/mec.put.poznan.pl\/vibsys2020\/wp-json\/wp\/v2\/comments?post=797"}],"version-history":[{"count":2,"href":"https:\/\/mec.put.poznan.pl\/vibsys2020\/wp-json\/wp\/v2\/pages\/797\/revisions"}],"predecessor-version":[{"id":799,"href":"https:\/\/mec.put.poznan.pl\/vibsys2020\/wp-json\/wp\/v2\/pages\/797\/revisions\/799"}],"wp:attachment":[{"href":"https:\/\/mec.put.poznan.pl\/vibsys2020\/wp-json\/wp\/v2\/media?parent=797"}],"curies":[{"name":"wp","href":"https:\/\/api.w.org\/{rel}","templated":true}]}}