{"id":8,"date":"2013-12-16T13:18:00","date_gmt":"2013-12-16T13:18:00","guid":{"rendered":"http:\/\/mec.put.poznan.pl\/vibsys2020\/?page_id=8"},"modified":"2020-03-30T14:49:12","modified_gmt":"2020-03-30T14:49:12","slug":"committee","status":"publish","type":"page","link":"https:\/\/mec.put.poznan.pl\/vibsys2020\/committee\/","title":{"rendered":"Committees"},"content":{"rendered":"\r\n<h4>HONORARY SCIENTIFIC COMMITTEE<\/h4>\r\n<ul>\r\n<li>Czes\u0142aw CEMPEL \u2013 Honorary Scientific Chairman<\/li>\r\n<li>Jan AWREJCEWICZ<\/li>\r\n<li>Stefan JONIAK<\/li>\r\n<li>Jan KO\u0141ODZIEJ<\/li>\r\n<li>W\u0142odzimierz KURNIK<\/li>\r\n<li>Tomasz \u0141ODYGOWSKI<\/li>\r\n<li>Stanis\u0142aw MATYSIAK<\/li>\r\n<li>Krzysztof MAGNUCKI<\/li>\r\n<li>Wolfgang MUSCHIK<\/li>\r\n<li>Andrzej RADOWICZ<\/li>\r\n<li>Andrzej TYLIKOWSKI<\/li>\r\n<li>Jerzy WARMI\u0143SKI<\/li>\r\n<\/ul>\r\n<br>\r\n\r\n<h4>INTERNATIONAL SCIENTIFIC COMMITTEE<\/h4>\r\n<ul>\r\n<li>Vladimir I. ALSHITS<\/li>\r\n<li>Enzo CIANCIO<\/li>\r\n<li>Evgen CZAPLA<\/li>\r\n<li>Joseph GRIMA<\/li>\r\n<li>David JOU<\/li>\r\n<li>Liliana RESTUCCIA<\/li>\r\n<li>Alexandr YAVLENSKY<\/li>\r\n<\/ul>\r\n<br>\r\n\r\n<h4>LOCAL SCIENTIFIC COMMITTEE<\/h4>\r\n<ul>\r\n<li>Wojciech BATKO<\/li>\r\n<li>Romuald B\u0118DZI\u0143SKI<\/li>\r\n<li>Tadeusz BURCZY\u0143SKI<\/li>\r\n<li>Zbigniew D\u0104BROWSKI<\/li>\r\n<li>Marian DOBRY<\/li>\r\n<li>Antoni GAJEWSKI<\/li>\r\n<li>Jan HOLNICKI-SZULC<\/li>\r\n<li>Pawe\u0142 JASION<\/li>\r\n<li>Jaros\u0142aw J\u0118DRYSIAK<\/li>\r\n<li>Jerzy KALETA<\/li>\r\n<li>Przemys\u0142aw LITEWKA<\/li>\r\n<li>Krzysztof MARCHELEK<\/li>\r\n<li>J\u00f3zef NIZIO\u0141<\/li>\r\n<li>Stanis\u0142aw RADKOWSKI<\/li>\r\n<li>Roman STAROSTA<\/li>\r\n<li>Tomasz STR\u0118K<\/li>\r\n<li>Wojciech SUMELKA<\/li>\r\n<li>Tomasz SZOLC<\/li>\r\n<li>Grzegorz SZYMA\u0143SKI<\/li>\r\n<li>Maciej TABASZEWKI<\/li>\r\n<li>Franciszek TOMASZEWSKI<\/li>\r\n<li>Tadeusz UHL<\/li>\r\n<li>J\u00f3zef WOJNAROWSKI<\/li>\r\n<\/ul>\r\n<br>\r\n\r\n<h4>ORGANIZING COMMITTEE<\/h4>\r\n<ul>\r\n<li>Roman STAROSTA (chairman)<\/li>\r\n<li>Magdalena MIERZWICZAK (secretary)<\/li>\r\n<li>Roman BARCZEWSKI<\/li>\r\n<li>Beata CZERKAS<\/li>\r\n<li>Pawe\u0142 FRITZKOWSKI<\/li>\r\n<li>Ma\u0142gorzata JANKOWSKA<\/li>\r\n<li>Maciej TABASZEWSKI<\/li>\r\n<li>Tomasz WALCZAK\r\n<\/ul>\r\n","protected":false},"excerpt":{"rendered":"<p>HONORARY SCIENTIFIC COMMITTEE Czes\u0142aw CEMPEL \u2013 Honorary Scientific Chairman Jan AWREJCEWICZ Stefan JONIAK Jan KO\u0141ODZIEJ W\u0142odzimierz KURNIK Tomasz \u0141ODYGOWSKI Stanis\u0142aw MATYSIAK Krzysztof MAGNUCKI Wolfgang MUSCHIK Andrzej RADOWICZ Andrzej TYLIKOWSKI Jerzy WARMI\u0143SKI INTERNATIONAL SCIENTIFIC COMMITTEE Vladimir I. ALSHITS Enzo CIANCIO Evgen CZAPLA Joseph GRIMA David JOU Liliana RESTUCCIA Alexandr YAVLENSKY LOCAL SCIENTIFIC COMMITTEE Wojciech BATKO Romuald &hellip; <\/p>\n<p><a class=\"more-link btn\" href=\"https:\/\/mec.put.poznan.pl\/vibsys2020\/committee\/\">Continue reading<\/a><\/p>\n","protected":false},"author":1,"featured_media":0,"parent":0,"menu_order":0,"comment_status":"closed","ping_status":"closed","template":"","meta":{"footnotes":""},"class_list":["post-8","page","type-page","status-publish","hentry","nodate","item-wrap"],"_links":{"self":[{"href":"https:\/\/mec.put.poznan.pl\/vibsys2020\/wp-json\/wp\/v2\/pages\/8","targetHints":{"allow":["GET"]}}],"collection":[{"href":"https:\/\/mec.put.poznan.pl\/vibsys2020\/wp-json\/wp\/v2\/pages"}],"about":[{"href":"https:\/\/mec.put.poznan.pl\/vibsys2020\/wp-json\/wp\/v2\/types\/page"}],"author":[{"embeddable":true,"href":"https:\/\/mec.put.poznan.pl\/vibsys2020\/wp-json\/wp\/v2\/users\/1"}],"replies":[{"embeddable":true,"href":"https:\/\/mec.put.poznan.pl\/vibsys2020\/wp-json\/wp\/v2\/comments?post=8"}],"version-history":[{"count":4,"href":"https:\/\/mec.put.poznan.pl\/vibsys2020\/wp-json\/wp\/v2\/pages\/8\/revisions"}],"predecessor-version":[{"id":762,"href":"https:\/\/mec.put.poznan.pl\/vibsys2020\/wp-json\/wp\/v2\/pages\/8\/revisions\/762"}],"wp:attachment":[{"href":"https:\/\/mec.put.poznan.pl\/vibsys2020\/wp-json\/wp\/v2\/media?parent=8"}],"curies":[{"name":"wp","href":"https:\/\/api.w.org\/{rel}","templated":true}]}}